{"id":88,"date":"2022-02-23T20:46:48","date_gmt":"2022-02-23T19:46:48","guid":{"rendered":"https:\/\/kresnice.si\/?page_id=88"},"modified":"2022-12-15T14:13:41","modified_gmt":"2022-12-15T13:13:41","slug":"svet-ks","status":"publish","type":"page","link":"https:\/\/kresnice.si\/?page_id=88","title":{"rendered":"Svet KS"},"content":{"rendered":"\n<h1 class=\"wp-block-heading\">SVET KRAJEVNE SKUPNOSTI<\/h1>\n\n\n\n<figure class=\"wp-block-table\"><table><tbody><tr><td><strong>Predsednik KS<\/strong><\/td><td>Roman Poneb\u0161ek<\/td><\/tr><tr><td><strong>Podpredsednik KS<\/strong><\/td><td>Mojca Bratun<br>\u00a0<\/td><\/tr><tr><td><strong>\u010clani sveta KS<\/strong><\/td><td>Anja Trebec<br>Daniel Lenart<br>Miha Jan\u010dar<br>Miklav\u017e \u0160ef<br>Sa\u0161o Jovanovi\u010d<br><\/td><\/tr><tr><td><strong>Tajnik sveta KS<\/strong><\/td><td>Anja Trebec<br>\u00a0<\/td><\/tr><tr><td><strong>Ra\u010dunovodja sveta KS<\/strong><\/td><td>Ob\u010dina Litija<\/td><\/tr><\/tbody><\/table><\/figure>\n\n\n\n<h2 class=\"wp-block-heading\">DOKUMENTI &#8211; ZAPISNIKI SEJ<\/h2>\n\n\n\n<div class=\"wp-block-file\"><a id=\"wp-block-file--media-c03c93de-8a6e-4157-8fc1-9ccbc8b999b5\" href=\"https:\/\/kresnice.si\/wp-content\/uploads\/2022\/02\/zapisnik-1_seja-sveta-ks-kresnice-8.1.2019.docx\">zapisnik-1_seja-sveta-ks-kresnice-8.1.2019<\/a><a href=\"https:\/\/kresnice.si\/wp-content\/uploads\/2022\/02\/zapisnik-1_seja-sveta-ks-kresnice-8.1.2019.docx\" class=\"wp-block-file__button wp-element-button\" download aria-describedby=\"wp-block-file--media-c03c93de-8a6e-4157-8fc1-9ccbc8b999b5\">Download<\/a><\/div>\n","protected":false},"excerpt":{"rendered":"<p>SVET KRAJEVNE SKUPNOSTI Predsednik KS Roman Poneb\u0161ek Podpredsednik KS Mojca Bratun\u00a0 \u010clani sveta KS Anja TrebecDaniel LenartMiha Jan\u010darMiklav\u017e \u0160efSa\u0161o Jovanovi\u010d Tajnik sveta KS Anja Trebec\u00a0 Ra\u010dunovodja sveta KS Ob\u010dina Litija DOKUMENTI &#8211; ZAPISNIKI SEJ<\/p>\n","protected":false},"author":1,"featured_media":0,"parent":0,"menu_order":0,"comment_status":"closed","ping_status":"closed","template":"","meta":{"footnotes":""},"class_list":["post-88","page","type-page","status-publish","hentry"],"_links":{"self":[{"href":"https:\/\/kresnice.si\/index.php?rest_route=\/wp\/v2\/pages\/88","targetHints":{"allow":["GET"]}}],"collection":[{"href":"https:\/\/kresnice.si\/index.php?rest_route=\/wp\/v2\/pages"}],"about":[{"href":"https:\/\/kresnice.si\/index.php?rest_route=\/wp\/v2\/types\/page"}],"author":[{"embeddable":true,"href":"https:\/\/kresnice.si\/index.php?rest_route=\/wp\/v2\/users\/1"}],"replies":[{"embeddable":true,"href":"https:\/\/kresnice.si\/index.php?rest_route=%2Fwp%2Fv2%2Fcomments&post=88"}],"version-history":[{"count":2,"href":"https:\/\/kresnice.si\/index.php?rest_route=\/wp\/v2\/pages\/88\/revisions"}],"predecessor-version":[{"id":292,"href":"https:\/\/kresnice.si\/index.php?rest_route=\/wp\/v2\/pages\/88\/revisions\/292"}],"wp:attachment":[{"href":"https:\/\/kresnice.si\/index.php?rest_route=%2Fwp%2Fv2%2Fmedia&parent=88"}],"curies":[{"name":"wp","href":"https:\/\/api.w.org\/{rel}","templated":true}]}}