{"id":8,"date":"2022-02-23T10:50:04","date_gmt":"2022-02-23T10:50:04","guid":{"rendered":"https:\/\/kresnice.si\/?page_id=8"},"modified":"2022-03-02T20:47:33","modified_gmt":"2022-03-02T19:47:33","slug":"contact","status":"publish","type":"page","link":"https:\/\/kresnice.si\/?page_id=8","title":{"rendered":"Izjava o skladnosti in Pravno obvestilo"},"content":{"rendered":"\n<h2 class=\"wp-block-heading\">Izjava o dostopnosti<\/h2>\n\n\n\n<p>KS Kresnice se zavezuje omogo\u010dati dostopnost svojega spleti\u0161\u010da v skladu z nacionalno zakonodajo o prenosu Direktive (EU) 2016\/2102 Evropskega parlamenta in Sveta.<br><br>Ta izjava o dostopnosti se nana\u0161a na spleti\u0161\u010de www.kresnice.si, za katerega skrbi KS Kresnice. Za zagotavljanje dostopnosti so bile zagotovljene naslednje sistemske prilagoditve:Prilagajanje velikosti pisave in barvnih kontrastov.Odzivno oblikovanje oz. prilagajanje postavitve vsebine zaslonu.Navigacija s tipkovnico.Predvidljivo delovanje spleti\u0161\u010da.Omogo\u010dena uporaba razli\u010dnih ravni naslovov.Omogo\u010deno nadomestno besedilo za opise fotografij, slik.Stopnja skladnostiTo spleti\u0161\u010de je delno skladno z Zakonom o dostopnosti spleti\u0161\u010d in mobilnih aplikacij zaradi spodaj navedenih izjem.<\/p>\n\n\n\n<h2 class=\"wp-block-heading\">Stopnja skladnosti<\/h2>\n\n\n\n<p>To spleti\u0161\u010de je delno skladno z&nbsp;<a href=\"http:\/\/www.pisrs.si\/Pis.web\/pregledPredpisa?id=ZAKO7718\">Zakonom o dostopnosti spleti\u0161\u010d in mobilnih aplikacij<\/a>&nbsp;zaradi spodaj navedenih izjem.<\/p>\n\n\n\n<p><strong>Nedostopna vsebina&nbsp;<\/strong><\/p>\n\n\n\n<ul class=\"wp-block-list\"><li>skenirani dokumenti v PDF obliki zapisa,<\/li><li>programsko generirani dokumenti (npr. letna poro\u010dila),<\/li><li>razli\u010dne kompleksne tabele s podatki.<\/li><li>nekatere fotografije in grafi\u010dni elementi niso opremljeni z nadomestnim besedilom.<\/li><\/ul>\n\n\n\n<h2 class=\"wp-block-heading\">Povratne in kontaktne informacije<\/h2>\n\n\n\n<p>Obvestilo o morebitnih primerih neskladnosti objav z dolo\u010dili Zakona o dostopnosti spleti\u0161\u010d in mobilnih aplikacij in zahteve po posredovanju informacij v dostopni obliki prosimo po\u0161ljite na e-naslov info@kresnice.si ali Krajevna skupnost Kresnice, Kresnice 19 ali pokli\u010dite na telefonsko \u0161tevilko (01) 897 73 26<\/p>\n\n\n\n<h2 class=\"wp-block-heading\">Izvr\u0161ilni postopek<\/h2>\n\n\n\n<p>V primeru, da ugotovite odstopanja od dolo\u010dil Zakona o dostopnosti spleti\u0161\u010d in mobilnih aplikacij, lahko podate prijavo in\u0161pektorjem za informacijsko dru\u017ebo po navadni ali elektronski po\u0161ti na naslov: gp.uiv@gov.si.<\/p>\n\n\n\n<p><strong>Avtorske pravice<\/strong><br>Vsebine (v HMTL datotekah, tekstovnem materialu, slikah, avdio\/video posnetkih in ostale vsebine), objavljene na spletnih straneh\u00a0http:\/\/www.kresnice.si\u00a0so last\u00a0Krajevne skupnosti Kresnice\u00a0v nadaljevanju\u00a0KSK\u00a0(kolikor ni naveden druga\u010den vir) in se lahko uporabljajo le v nekomercialne namene, kjer pa morajo ohraniti vsa navedena opozorila o avtorskih pravicah in se torej ne smejo prepisovati, razmno\u017eevati ali kako druga\u010de raz\u0161irjati.<br>Na drugih spletnih straneh ni dovoljeno linkanje na datoteke, slike, video posnetke, audio posnetke in druge podobne multimedijske vsebine iz spletne strani www.kresnice.si, razen z na\u0161im dovoljenjem. Dovoljena pa je uporaba povezave na na\u0161o spletno stran, kjer so vsebine tudi prikazane.<\/p>\n\n\n\n<h1 class=\"wp-block-heading\">Pravno obvestilo<\/h1>\n\n\n\n<p><strong>Strani, ki jih pokriva Pravno obvestilo<\/strong><br>To Pravno obvestilo pokriva spletno mesto www.kresnice.si in vse podstrani spletnega mesta www.kresnice.si<\/p>\n\n\n\n<p><strong>Cookies\/Pi\u0161kotki<\/strong><br>Kot ve\u010dina strani na spletu tudi na\u0161a pri svojem delovanju uporablja cookie oz. pi\u0161kotke. Pi\u0161kotek je datoteka z informacijo o va\u0161em obisku na na\u0161i spletni strani. Na va\u0161 ra\u010dunalnik se ob obisku spletne strani namesti pi\u0161kotek, ki po eni strani poskrbi za enostavnost in hitrost, vendar pa po drugi strani predstavlja tudi poseg v zasebnost.<\/p>\n\n\n\n<p>V vsakem pi\u0161kotku so osnovni podatki o va\u0161em obisku spletne strani. Vsebina pi\u0161kotka se shrani na va\u0161em ra\u010dunalniku v posebni mapi. Z dostopom do datoteke dobimo podrobnej\u0161e informacije o obiskani spletni strani, datumu, uri obiska&#8230; Vsi ti podatki so shranjeni tudi pri upravljavcu spletne strani, ki ste jo obiskali. Pi\u0161kotke lahko z dolo\u010denimi nastavitvami bri\u0161emo, izklju\u010dujemo oziroma jih pogojno uporabljamo. V osnovi so brskalniki nastavljeni tako, da pi\u0161kotke sprejemajo, zavra\u010dajo pa nastavljanje pi\u0161kotkov, ki ne izvirajo iz podro\u010dja, zapisanega v naslovni vrstici.<\/p>\n\n\n\n<p><strong>Pridr\u017eki<\/strong><\/p>\n\n\n\n<p>KS Kresnice bo na svojih spletnih straneh zagotavljal to\u010dnost in a\u017eurnost podatkov z vso skrbnostjo, vendar pa za njihovo to\u010dnost, primernost, celovitost, kot tudi za \u0161kodo, ki bi izhajala iz tega, ne prevzema nikakr\u0161ne odgovornosti.<\/p>\n\n\n\n<p>KS Kresnice tudi ne prevzema nobene odgovornosti v povezavi s posledicami, ki jih povzro\u010dijo informacije, ne prevzema nobene odgovornosti za morebitne viruse, ki bi se k uporabnikom prenesli s te spletne strani, in toplo priporo\u010da, da se uporabniki pred nevarnostjo virusov ustrezno zavarujejo \u0161e pred prenosom informacij s te spletne strani.<\/p>\n\n\n\n<p>KS Kresnice&nbsp;ni odgovorno za ob\u010dasno nedelovanje strani, morebitno neto\u010dnost informacij in tudi ne za morebitno \u0161kodo nastalo zaradi uporabe neto\u010dnih ali nepopolnih informacij. Niti katera koli druga pravna ali fizi\u010dna oseba, ki je sodelovala pri nastanku in izdelavi teh spletnih strani, zato ne odgovarja za nobeno \u0161kodo, ki bi izhajala iz dostopa do uporabe ali nemo\u017enosti uporabe informacij na teh spletnih straneh ali za kakr\u0161ne koli napake ali pomanjkljivosti v njihovi vsebini.<\/p>\n\n\n\n<p>Pridru\u017eujemo si pravico, da uporabnike napotimo na druge strani svetovnega spleta in ne prevzemamo nikakr\u0161ne odgovornosti za njihovo vsebino.<br>Prav tako si pridr\u017eujemo pravico do sprememb vsebin.<\/p>\n\n\n\n<p>Za vse dodatne informacije in pooblastila se obrnite na:<\/p>\n\n\n\n<p><br><strong>Krajevna skupnost Kresnice<\/strong><br>Kresnice 19<br>1281 Kresnice<\/p>\n","protected":false},"excerpt":{"rendered":"<p>Izjava o dostopnosti KS Kresnice se zavezuje omogo\u010dati dostopnost svojega spleti\u0161\u010da v skladu z nacionalno zakonodajo o prenosu Direktive (EU) 2016\/2102 Evropskega parlamenta in Sveta. Ta izjava o dostopnosti se nana\u0161a na spleti\u0161\u010de www.kresnice.si, za katerega skrbi KS Kresnice. Za zagotavljanje dostopnosti so bile zagotovljene naslednje sistemske prilagoditve:Prilagajanje velikosti pisave [&hellip;]<\/p>\n","protected":false},"author":1,"featured_media":0,"parent":0,"menu_order":0,"comment_status":"closed","ping_status":"closed","template":"","meta":{"footnotes":""},"class_list":["post-8","page","type-page","status-publish","hentry"],"_links":{"self":[{"href":"https:\/\/kresnice.si\/index.php?rest_route=\/wp\/v2\/pages\/8","targetHints":{"allow":["GET"]}}],"collection":[{"href":"https:\/\/kresnice.si\/index.php?rest_route=\/wp\/v2\/pages"}],"about":[{"href":"https:\/\/kresnice.si\/index.php?rest_route=\/wp\/v2\/types\/page"}],"author":[{"embeddable":true,"href":"https:\/\/kresnice.si\/index.php?rest_route=\/wp\/v2\/users\/1"}],"replies":[{"embeddable":true,"href":"https:\/\/kresnice.si\/index.php?rest_route=%2Fwp%2Fv2%2Fcomments&post=8"}],"version-history":[{"count":6,"href":"https:\/\/kresnice.si\/index.php?rest_route=\/wp\/v2\/pages\/8\/revisions"}],"predecessor-version":[{"id":216,"href":"https:\/\/kresnice.si\/index.php?rest_route=\/wp\/v2\/pages\/8\/revisions\/216"}],"wp:attachment":[{"href":"https:\/\/kresnice.si\/index.php?rest_route=%2Fwp%2Fv2%2Fmedia&parent=8"}],"curies":[{"name":"wp","href":"https:\/\/api.w.org\/{rel}","templated":true}]}}