{"id":78,"date":"2022-02-23T20:25:24","date_gmt":"2022-02-23T19:25:24","guid":{"rendered":"https:\/\/kresnice.si\/?page_id=78"},"modified":"2022-02-23T20:26:30","modified_gmt":"2022-02-23T19:26:30","slug":"78-2","status":"publish","type":"page","link":"https:\/\/kresnice.si\/?page_id=78","title":{"rendered":"PRAVILNIK O PI\u0160KOTKIH"},"content":{"rendered":"\n<h1 class=\"wp-block-heading\" id=\"main_title\">PRAVILNIK O PI\u0160KOTKIH<\/h1>\n\n\n\n<p>Novi Zakon o elektronskih komunikacijah (Uradni list \u0161t. 109\/2012), ZEKom-1 je v pravni red prinesel nova pravila glede uporabe pi\u0161kotkov in podobnih tehnologij za shranjevanje informacij ali dostop do informacij, shranjenih na ra\u010dunalnikih, tablicah ali mobilnih napravah uporabnikov.<\/p>\n\n\n\n<p>Zasebnost uporabnikov je za nas zelo pomembna, zato si prizadevamo, da uporabnikom ponudimo vse informacije o pi\u0161kotkih, ki jih uporabljamo na na\u0161ih spletnih straneh z namenom omogo\u010danja bolj\u0161ega delovanja spletnih strani in prijetnej\u0161e uporabni\u0161ke izku\u0161nje.<\/p>\n\n\n\n<p>S pomo\u010djo pi\u0161kotkov se na uporabnikovi napravi hranijo unikatni podatki o uporabniku oziroma nastavitve, ki si jih je na posameznem spletnem mestu izbral.<\/p>\n\n\n\n<p>Pridobljene informacije in podatke bomo skrbno varovali ter jih uporabljali izklju\u010dno za potrebe zagotavljanja spletne storitve, analizo uporabe ter funkcionalnosti, ki jih brez pi\u0161kotkov ne bi mogli nuditi.<\/p>\n\n\n\n<h2 class=\"wp-block-heading\">O pi\u0161kotkih<\/h2>\n\n\n\n<p>Pi\u0161kotki niso&nbsp;<strong>ni\u010d novega<\/strong>, vsi obiskovalci spletnih strani imamo na svojih ra\u010dunalnikih, tablicah in mobilnih napravah shranjenih \u017ee veliko pi\u0161kotkov z razli\u010dnih spletnih strani. Z novo zakonodajo (ZEKom-1) je pri\u0161lo do sprememb glede obve\u0161\u010danja oz. sogla\u0161anja obiskovalcev z njihovo uporabo.<\/p>\n\n\n\n<h2 class=\"wp-block-heading\">Kaj so pi\u0161kotki<\/h2>\n\n\n\n<p>So informacije o aktivnostih uporabnika na spletu, ki jih ve\u010dina spletnih strani shrani v naprave, s katerimi uporabniki dostopajo do interneta z namenom prepoznavanja posameznih naprav, ki so jih uporabniki uporabili pri dostopu. Njihovo shranjevanje je pod popolnim nadzorom brskalnika, ki ga ima uporabnik. Uporabnik lahko&nbsp;<strong>shranjevanje pi\u0161kotkov po \u017eelji omeji ali onemogo\u010di<\/strong>. Pi\u0161kotki&nbsp;<strong>niso \u0161kodljivi<\/strong>&nbsp;in so vedno&nbsp;<strong>\u010dasovno omejeni<\/strong>.<\/p>\n\n\n\n<h2 class=\"wp-block-heading\">Zakaj so pi\u0161kotki potrebni<\/h2>\n\n\n\n<p>Pi\u0161kotki so temeljnega pomena za zagotavljanje uporabniku prijaznih spletnih storitev. Interakcija med spletnim uporabnikom in spletno stranjo je s pomo\u010djo pi\u0161kotkov hitrej\u0161a in enostavnej\u0161a. Z njihovo pomo\u010djo si spletna stran zapomni posameznikove \u017eelje, zanimanja in izku\u0161nje, s tem je prihranjen \u010das, brskanje po spletnih straneh pa bolj u\u010dinkovito in prijazno.<\/p>\n\n\n\n<h2 class=\"wp-block-heading\">Nekaj konkretnih primerov uporabe pi\u0161kotkov<\/h2>\n\n\n\n<ul class=\"wp-block-list\"><li>za bolj\u0161o uporabni\u0161ko izku\u0161njo spletne strani obiskovalcem prilagodimo prikaz vsebine glede na pretekle obiske<\/li><li>za shranjevanje izbire pri ustvarjanju o\u017ejega izbora naprav in ponudbe ter njihove primerjave<\/li><li>na delih spletnih mestih, kjer je potrebna prijava, vas ohranimo prijavljene<\/li><li>za prepoznavanje va\u0161e naprave (ra\u010dunalnik, tablica, mobitel), ki omogo\u010da prilagajanje prikaza vsebine va\u0161i napravi<\/li><li>za spremljanje obiska, kar omogo\u010da preverjanje u\u010dinkovitosti prikaza vsebin in ustreznosti oglasov ter stalno izbolj\u0161avo spletnih strani<\/li><li>za delovanje dolo\u010denih storitev so nujni (npr. spletne banke, spletne trgovine in druge oblike e-poslovanja, &#8230;)<\/li><\/ul>\n\n\n\n<h2 class=\"wp-block-heading\">Pi\u0161kotki za osnovno delovanje spletnega mesta<\/h2>\n\n\n\n<figure class=\"wp-block-table\"><table><thead><tr><th>Ime<\/th><th>Namen<\/th><th>Trajanje pi\u0161kotka<\/th><th>Ponudnik<\/th><\/tr><\/thead><tbody><tr><td>zoompage<\/td><td>Pomnjenje uporabnikove izbire o velikosti pisave na spletni strani<\/td><td>2 leti<\/td><td>KS KRresnice<\/td><\/tr><tr><td>cookies<\/td><td>Pomnjenje uporabnikove izbire o sprejetju pi\u0161kotkov<\/td><td>2 leti<\/td><td>KS KRresnice<\/td><\/tr><tr><td>hide_exposed_item_id<\/td><td>Pomnjenje uporabnikove izbire o prikazu pasice z izrednim obvestilom<\/td><td>12 ur<\/td><td>KS KRresnice<\/td><\/tr><tr><td>hide_einforming_popup<\/td><td>Pomnjenje uporabnikove izbire o prikazu pasice z obvestilom o prijavi na prejemanje e-obvestil<\/td><td>7 dni<\/td><td>KS KRresnice<\/td><\/tr><tr><td>.AspNet.ApplicationCookie<\/td><td>Pomnjenje uporabnikove prijave (login)<\/td><td>14 dni<\/td><td>KS KRresnice<\/td><\/tr><tr><td>lang<\/td><td>Pomnjenje uporabnikove izbire o jeziku uporabni\u0161kega vmesnika na spletni strani<\/td><td>Trenutna seja<\/td><td>KS KRresnice<\/td><\/tr><tr><td>organization_id<\/td><td>Pomnjenje identifikatorja spletne strani na kateri se uporabnik nahaja<\/td><td>Trenutna seja<\/td><td>KS KRresnice<\/td><\/tr><tr><td>__RequestVerificationToken<\/td><td>Pomaga prepre\u010devati t.i. Cross-Site Request Forgery (CSRF) napade.<\/td><td>Trenutna seja<\/td><td>KS KRresnice<\/td><\/tr><\/tbody><\/table><\/figure>\n\n\n\n<h2 class=\"wp-block-heading\">Kako upravljati pi\u0161kotke?<\/h2>\n\n\n\n<p>Nastavitve za pi\u0161kotke lahko nadzirate in spreminjate tudi v svojem spletnem brskalniku. Za informacije o nastavitvah za pi\u0161kotke izberite spletni brskalnik, ki ga uporabljate.<\/p>\n\n\n\n<ul class=\"wp-block-list\"><li><a href=\"http:\/\/support.mozilla.org\/sl\/kb\/Kako%20aktivirate%20in%20deaktivirate%20pi%C5%A1kote\">Firefox<\/a><\/li><li><a href=\"https:\/\/support.google.com\/chrome\/answer\/95647?hl=sl-sl&amp;p=cpn_cookies\">Chrome<\/a><\/li><li><a href=\"http:\/\/windows.microsoft.com\/sl-si\/internet-explorer\/delete-manage-cookies#ie=ie-11\">Internet Explorer 11<\/a><\/li><li><a href=\"http:\/\/windows.microsoft.com\/sl-si\/internet-explorer\/delete-manage-cookies#ie=ie-10\">Internet Explorer 10<\/a><\/li><li><a href=\"http:\/\/windows.microsoft.com\/sl-si\/windows7\/how-to-manage-cookies-in-internet-explorer-9\">Internet Explorer 9<\/a><\/li><li><a href=\"http:\/\/windows.microsoft.com\/sl-si\/windows-vista\/block-or-allow-cookies\">Internet Explorer 7 in 8<\/a><\/li><li><a href=\"http:\/\/www.opera.com\/help\/tutorials\/security\/cookies\/\">Opera (stran v angle\u0161kem jeziku)<\/a><\/li><li><a href=\"http:\/\/support.apple.com\/kb\/PH11913\">Safari (stran v angle\u0161kem jeziku)<\/a><\/li><\/ul>\n\n\n\n<h2 class=\"wp-block-heading\">O lokalno shranjenih objektih (LSO)<\/h2>\n\n\n\n<p>LSO ne sodijo med klasi\u010dne spletne pi\u0161kotke, a vendar so majhne datoteke, ki se namestijo v terminalsko opremo uporabnika, z namenom, da pridobivajo dolo\u010dene informacije o uporabnikih. Tipi\u010den primer je v vsebino vsajen YouTube posnetek. Predvajalnik lahko npr. v LSO datoteko zabele\u017ei va\u0161o \u017eeleno nastavitev jakosti zvoka.<\/p>\n\n\n\n<h2 class=\"wp-block-heading\">LSO, ki se lahko ustvarijo ali uporabljajo z uporabo na\u0161e spletne strani<\/h2>\n\n\n\n<figure class=\"wp-block-table\"><table><thead><tr><th>Ime<\/th><th>Namen<\/th><th>Ponudnik<\/th><\/tr><\/thead><tbody><tr><td>yt-player-bandwidth<\/td><td>Neopredeljen<\/td><td>YouTube<\/td><\/tr><tr><td>yt-remote-connected-devices<\/td><td>Neopredeljen<\/td><td>YouTube<\/td><\/tr><tr><td>yt-remote-device-id<\/td><td>Neopredeljen<\/td><td>YouTube<\/td><\/tr><tr><td>yt-remote-online-screens<\/td><td>Neopredeljen<\/td><td>YouTube<\/td><\/tr><\/tbody><\/table><\/figure>\n\n\n\n<h2 class=\"wp-block-heading\">Kako upravljati LSO?<\/h2>\n\n\n\n<p>Na nalaganje LSO ne moremo vplivati, ravno tako pa ne poznamo tehni\u010dnih podatkov posameznih spletnih mest, ki jih uporabljajo.<br>LSO lahko onemogo\u010dite s pomo\u010djo nastavitev na naslednji&nbsp;<a href=\"http:\/\/www.macromedia.com\/support\/documentation\/en\/flashplayer\/help\/settings_manager03.html\" target=\"_blank\" rel=\"noreferrer noopener\">povezavi<\/a>.<\/p>\n\n\n\n<h2 class=\"wp-block-heading\">Dodatna vpra\u0161anja<\/h2>\n\n\n\n<p>Vsa nadaljna vpra\u0161anja o pi\u0161kotkih nam lahko sporo\u010dite na e-po\u0161tni naslov&nbsp;<a href=\"mailto:info@kresnice.si\">info@kresnice.si.si<\/a><\/p>\n","protected":false},"excerpt":{"rendered":"<p>PRAVILNIK O PI\u0160KOTKIH Novi Zakon o elektronskih komunikacijah (Uradni list \u0161t. 109\/2012), ZEKom-1 je v pravni red prinesel nova pravila glede uporabe pi\u0161kotkov in podobnih tehnologij za shranjevanje informacij ali dostop do informacij, shranjenih na ra\u010dunalnikih, tablicah ali mobilnih napravah uporabnikov. Zasebnost uporabnikov je za nas zelo pomembna, zato si [&hellip;]<\/p>\n","protected":false},"author":1,"featured_media":0,"parent":0,"menu_order":0,"comment_status":"closed","ping_status":"closed","template":"","meta":{"footnotes":""},"class_list":["post-78","page","type-page","status-publish","hentry"],"_links":{"self":[{"href":"https:\/\/kresnice.si\/index.php?rest_route=\/wp\/v2\/pages\/78","targetHints":{"allow":["GET"]}}],"collection":[{"href":"https:\/\/kresnice.si\/index.php?rest_route=\/wp\/v2\/pages"}],"about":[{"href":"https:\/\/kresnice.si\/index.php?rest_route=\/wp\/v2\/types\/page"}],"author":[{"embeddable":true,"href":"https:\/\/kresnice.si\/index.php?rest_route=\/wp\/v2\/users\/1"}],"replies":[{"embeddable":true,"href":"https:\/\/kresnice.si\/index.php?rest_route=%2Fwp%2Fv2%2Fcomments&post=78"}],"version-history":[{"count":2,"href":"https:\/\/kresnice.si\/index.php?rest_route=\/wp\/v2\/pages\/78\/revisions"}],"predecessor-version":[{"id":80,"href":"https:\/\/kresnice.si\/index.php?rest_route=\/wp\/v2\/pages\/78\/revisions\/80"}],"wp:attachment":[{"href":"https:\/\/kresnice.si\/index.php?rest_route=%2Fwp%2Fv2%2Fmedia&parent=78"}],"curies":[{"name":"wp","href":"https:\/\/api.w.org\/{rel}","templated":true}]}}