{"id":7,"date":"2022-02-23T10:50:04","date_gmt":"2022-02-23T10:50:04","guid":{"rendered":"https:\/\/kresnice.si\/?page_id=7"},"modified":"2022-08-07T17:59:45","modified_gmt":"2022-08-07T15:59:45","slug":"about","status":"publish","type":"page","link":"https:\/\/kresnice.si\/?page_id=7","title":{"rendered":"O kraju"},"content":{"rendered":"\n<h3 class=\"wp-block-heading\">KRESNICE<\/h3>\n\n\n\n<p>Nadmorska vi\u0161ina Kresnic: 295 m<br>\u0160tevilo prebivalcev: 670<\/p>\n\n\n\n<p>Kraj se omenja \u017ee okoli leta 1261 z imenom villa GRAFNITZ.<\/p>\n\n\n\n<p>Kresnice so razpotegnjeno gru\u010dasto sredi\u0161\u010dno naselje v srednji Sloveniji, od Ljubljane oddaljeno 25 km proti vzhodu. Le\u017eijo ob desnem bregu reke Save proti Posavskem hribovju v Ob\u010dini Litija, ob \u017eelezni\u0161ki progi Dobova &#8211; Ljubljana.<\/p>\n\n\n\n<p>Deli se na \u00bbZgornje\u00ab in \u00bbSpodnje Kresnice\u00ab. Naselje je mo\u010dno urbanizirano. Neposredno nad krajem se dviga Kresni\u0161ki Vrh (624 mnm), za katerim je naselje Goli\u0161\u010de.<\/p>\n\n\n\n<p>V kraju je industrijski obrat Industrija apna Kresnice (IAK), kjer proizvajajo apno \u017ee od leta 1929. Surovino dova\u017eajo po \u017ei\u010dnici napeljani od kamnoloma izpod hriba Slivne (880 mnm) onstran Save. V Kresnicah so \u0161e otro\u0161ki vrtec, podru\u017eni\u010dna osnovna \u0161ola (ustanovljena leta 1884)&nbsp;in aktivni nogometni klub NK Kresnice. V naselju ob pokopali\u0161\u010du stoji \u017eupnijska cerkev svetega Benedikta (stara preko 200 let). Kraj se prvi\u010d omenja okoli leta 1261.<\/p>\n\n\n\n<h3 class=\"wp-block-heading\">KRESNICE NEKO\u010c<\/h3>\n\n\n\n<p>Kresnice so bile neko\u010d znane po sadjarstvu, predvsem \u010de\u0161njah. Naselje je do\u017eivelo najve\u010dji razvoj po zgraditvi ju\u017ene \u017eeleznice leta 1849, ko je bila postavljena \u017eelezni\u0161ka postaja. Iz ustnih virov je znano, da bi morala biti postaja v Kresni\u0161kih Poljanah, kar je prepre\u010dil lastnik zemlji\u0161\u010d in de\u017eelni poslanec Pov\u0161e, ki je imel velik vpliv v takratnem politi\u010dnem \u017eivljenju. Leta 1929 je bila v Kresnicah postavljena tovarna za proizvodnjo apna, ki \u0161e danes obratuje in je dala kraju svoj pe\u010dat. Najve\u010dje odseljevanje iz teh krajev je bilo v letih pred prvo svetovno vojno, ko so ljudje iskali zaposlitev izven kraja, tudi v tujini.&nbsp; Iz statisti\u010dnih podatkov je razvidno, da se je prebivalstvo Kresnic v obdobju dobrih 100 let pove\u010dalo&nbsp; za ve\u010d kot&nbsp; 4-krat:&nbsp; leta 1900 je \u0161telo 183 prebivalcev, leta 2013 pa 741, medtem ko je \u0161tevilo prebivalcev na Kresni\u0161kem vrhu le nekoliko porastlo: iz 200 (leta 1900) na 220 (leta 2013).<\/p>\n\n\n\n<p>(Vir:&nbsp;Wikipedija, prosta enciklopedija; Kresni\u0161ki most: 30 let; &nbsp;Kresnice: Nogometni klub, 2004; www.stat.si)<\/p>\n","protected":false},"excerpt":{"rendered":"<p>KRESNICE Nadmorska vi\u0161ina Kresnic: 295 m\u0160tevilo prebivalcev: 670 Kraj se omenja \u017ee okoli leta 1261 z imenom villa GRAFNITZ. Kresnice so razpotegnjeno gru\u010dasto sredi\u0161\u010dno naselje v srednji Sloveniji, od Ljubljane oddaljeno 25 km proti vzhodu. Le\u017eijo ob desnem bregu reke Save proti Posavskem hribovju v Ob\u010dini Litija, ob \u017eelezni\u0161ki progi [&hellip;]<\/p>\n","protected":false},"author":1,"featured_media":0,"parent":0,"menu_order":1,"comment_status":"closed","ping_status":"closed","template":"","meta":{"footnotes":""},"class_list":["post-7","page","type-page","status-publish","hentry"],"_links":{"self":[{"href":"https:\/\/kresnice.si\/index.php?rest_route=\/wp\/v2\/pages\/7","targetHints":{"allow":["GET"]}}],"collection":[{"href":"https:\/\/kresnice.si\/index.php?rest_route=\/wp\/v2\/pages"}],"about":[{"href":"https:\/\/kresnice.si\/index.php?rest_route=\/wp\/v2\/types\/page"}],"author":[{"embeddable":true,"href":"https:\/\/kresnice.si\/index.php?rest_route=\/wp\/v2\/users\/1"}],"replies":[{"embeddable":true,"href":"https:\/\/kresnice.si\/index.php?rest_route=%2Fwp%2Fv2%2Fcomments&post=7"}],"version-history":[{"count":2,"href":"https:\/\/kresnice.si\/index.php?rest_route=\/wp\/v2\/pages\/7\/revisions"}],"predecessor-version":[{"id":77,"href":"https:\/\/kresnice.si\/index.php?rest_route=\/wp\/v2\/pages\/7\/revisions\/77"}],"wp:attachment":[{"href":"https:\/\/kresnice.si\/index.php?rest_route=%2Fwp%2Fv2%2Fmedia&parent=7"}],"curies":[{"name":"wp","href":"https:\/\/api.w.org\/{rel}","templated":true}]}}